{"id":331,"date":"2026-01-24T04:04:46","date_gmt":"2026-01-24T04:04:46","guid":{"rendered":"https:\/\/novawebmaster.com\/hispanicmarketingsolutionsllc\/?page_id=331"},"modified":"2026-02-06T23:58:53","modified_gmt":"2026-02-06T23:58:53","slug":"about-us","status":"publish","type":"page","link":"https:\/\/hispanicmarketingsolutionsllc.com\/es\/about-us\/","title":{"rendered":"Acerca de nosotros"},"content":{"rendered":"<div data-elementor-type=\"wp-page\" data-elementor-id=\"331\" class=\"elementor elementor-331\" data-elementor-post-type=\"page\">\n\t\t\t\t<div class=\"elementor-element elementor-element-30aac20 e-con-full e-flex e-con e-parent\" data-id=\"30aac20\" data-element_type=\"container\" data-e-type=\"container\" data-settings=\"{&quot;background_background&quot;:&quot;classic&quot;}\">\n\t\t\t\t<div class=\"elementor-element elementor-element-5c3b6db elementor-widget elementor-widget-heading\" data-id=\"5c3b6db\" data-element_type=\"widget\" data-e-type=\"widget\" data-widget_type=\"heading.default\">\n\t\t\t\t\t<h1 class=\"elementor-heading-title elementor-size-default\">Acerca de nosotros<\/h1>\t\t\t\t<\/div>\n\t\t\t\t<\/div>\n\t\t<div class=\"elementor-element elementor-element-1059d5a e-con-full e-flex e-con e-parent\" data-id=\"1059d5a\" data-element_type=\"container\" data-e-type=\"container\">\n\t\t<div class=\"elementor-element elementor-element-42acee5 e-con-full e-flex e-con e-child\" data-id=\"42acee5\" data-element_type=\"container\" data-e-type=\"container\">\n\t\t<div class=\"elementor-element elementor-element-7af69d5 e-con-full e-flex e-con e-child\" data-id=\"7af69d5\" data-element_type=\"container\" data-e-type=\"container\">\n\t\t\t\t<div class=\"elementor-element elementor-element-29eb659 elementor-widget elementor-widget-heading\" data-id=\"29eb659\" data-element_type=\"widget\" data-e-type=\"widget\" data-widget_type=\"heading.default\">\n\t\t\t\t\t<h1 class=\"elementor-heading-title elementor-size-default\">Acerca de Hispanic Marketing Solutions\n<\/h1>\t\t\t\t<\/div>\n\t\t\t\t<\/div>\n\t\t<div class=\"elementor-element elementor-element-26b1280 e-con-full e-flex e-con e-child\" data-id=\"26b1280\" data-element_type=\"container\" data-e-type=\"container\" data-settings=\"{&quot;background_background&quot;:&quot;classic&quot;}\">\n\t\t\t\t<div class=\"elementor-element elementor-element-c71909f elementor-widget elementor-widget-image\" data-id=\"c71909f\" data-element_type=\"widget\" data-e-type=\"widget\" data-widget_type=\"image.default\">\n\t\t\t\t\t\t\t\t\t\t\t\t\t\t\t<img fetchpriority=\"high\" decoding=\"async\" width=\"2560\" height=\"1707\" src=\"https:\/\/hispanicmarketingsolutionsllc.com\/wp-content\/uploads\/2026\/01\/premios-latinos-2022-118-scaled.jpg\" class=\"attachment-full size-full wp-image-246\" alt=\"\" srcset=\"https:\/\/hispanicmarketingsolutionsllc.com\/wp-content\/uploads\/2026\/01\/premios-latinos-2022-118-scaled.jpg 2560w, https:\/\/hispanicmarketingsolutionsllc.com\/wp-content\/uploads\/2026\/01\/premios-latinos-2022-118-300x200.jpg 300w, https:\/\/hispanicmarketingsolutionsllc.com\/wp-content\/uploads\/2026\/01\/premios-latinos-2022-118-1024x683.jpg 1024w, https:\/\/hispanicmarketingsolutionsllc.com\/wp-content\/uploads\/2026\/01\/premios-latinos-2022-118-768x512.jpg 768w, https:\/\/hispanicmarketingsolutionsllc.com\/wp-content\/uploads\/2026\/01\/premios-latinos-2022-118-1536x1024.jpg 1536w, https:\/\/hispanicmarketingsolutionsllc.com\/wp-content\/uploads\/2026\/01\/premios-latinos-2022-118-2048x1365.jpg 2048w\" sizes=\"(max-width: 2560px) 100vw, 2560px\" \/>\t\t\t\t\t\t\t\t\t\t\t\t\t\t\t<\/div>\n\t\t\t\t<\/div>\n\t\t\t\t<\/div>\n\t\t<div class=\"elementor-element elementor-element-8315b4d e-con-full e-flex e-con e-child\" data-id=\"8315b4d\" data-element_type=\"container\" data-e-type=\"container\">\n\t\t<div class=\"elementor-element elementor-element-2fb08bf e-con-full e-flex e-con e-child\" data-id=\"2fb08bf\" data-element_type=\"container\" data-e-type=\"container\">\n\t\t\t\t<div class=\"elementor-element elementor-element-3064a9c elementor-widget elementor-widget-text-editor\" data-id=\"3064a9c\" data-element_type=\"widget\" data-e-type=\"widget\" data-widget_type=\"text-editor.default\">\n\t\t\t\t\t\t\t\t\t<p class=\"p1\">Hispanic Marketing Solutions LLC es una empresa de servicios profesionales que ofrece servicios de producci\u00f3n de eventos, cobertura visual y comunicaci\u00f3n biling\u00fce para particulares, organizaciones e instituciones.<\/p><p class=\"p1\">Fundada como una plataforma multidisciplinaria, Hispanic Marketing Solutions inicialmente desarroll\u00f3 y apoy\u00f3 una serie de iniciativas centradas en la comunidad, proyectos medi\u00e1ticos y programas culturales destinados a aumentar la visibilidad, el acceso y las oportunidades para las comunidades latinas.<\/p><p class=\"p1\">A medida que estas iniciativas crec\u00edan, la organizaci\u00f3n se someti\u00f3 a una reestructuraci\u00f3n estrat\u00e9gica para garantizar la sostenibilidad a largo plazo y un enfoque organizativo m\u00e1s claro. Como parte de esta evoluci\u00f3n, las iniciativas comunitarias y medi\u00e1ticas desarrolladas originalmente a trav\u00e9s de Hispanic Marketing Solutions, como Latinos En Michigan TV y el <a href=\"https:\/\/minorityeducationfreedom.org\/en\/talentos-latinos-awards-gala\/\" target=\"_blank\" rel=\"noopener\"><strong>Talentos Latinos Awards<\/strong><\/a>\u2014se transfirieron al <a href=\"https:\/\/minorityeducationfreedom.org\/en\/\" target=\"_blank\" rel=\"noopener\"><strong>Minority Education Freedom Foundation<\/strong><\/a>, la organizaci\u00f3n sin \u00e1nimo de lucro asociada a la organizaci\u00f3n.<\/p><p class=\"p1\">Latinos En Michigan TV, fundada en 2016, evolucion\u00f3 en 2026 hasta convertirse en <a href=\"https:\/\/latinosenmiusa.com\/\" target=\"_blank\" rel=\"noopener\"><b>Latinos En MI USA<\/b><\/a>, ampliando su alcance a una audiencia nacional. Los Premios Talentos Latinos tambi\u00e9n pasaron a formar parte de la misi\u00f3n de la Fundaci\u00f3n, alineando el programa m\u00e1s estrechamente con los objetivos educativos, culturales y de impacto comunitario.<\/p><p class=\"p1\">Tras esta reestructuraci\u00f3n, Hispanic Marketing Solutions refin\u00f3 su enfoque para concentrarse exclusivamente en tres \u00e1reas de servicio principales: planificaci\u00f3n y producci\u00f3n de eventos, servicios de fotograf\u00eda y v\u00eddeo para eventos, e interpretaci\u00f3n y traducci\u00f3n ingl\u00e9s-espa\u00f1ol.<\/p><p class=\"p1\">Hoy en d\u00eda, Hispanic Marketing Solutions opera como una empresa de servicios profesionales especializada, mientras que Minority Education Freedom Foundation lidera las iniciativas sin \u00e1nimo de lucro, medi\u00e1ticas y comunitarias de la organizaci\u00f3n. Juntas, las dos entidades forman un ecosistema complementario, cada una alineada con una misi\u00f3n, una estructura y una estrategia de impacto claras.<\/p>\t\t\t\t\t\t\t\t<\/div>\n\t\t\t\t<\/div>\n\t\t\t\t<\/div>\n\t\t\t\t<\/div>\n\t\t<div class=\"elementor-element elementor-element-dad856a e-con-full e-flex e-con e-parent\" data-id=\"dad856a\" data-element_type=\"container\" data-e-type=\"container\" data-settings=\"{&quot;background_background&quot;:&quot;classic&quot;}\">\n\t\t\t\t<\/div>\n\t\t<div class=\"elementor-element elementor-element-f8b89ad e-con-full e-flex e-con e-parent\" data-id=\"f8b89ad\" data-element_type=\"container\" data-e-type=\"container\">\n\t\t<div class=\"elementor-element elementor-element-846fbf9 e-con-full e-flex e-con e-child\" data-id=\"846fbf9\" data-element_type=\"container\" data-e-type=\"container\">\n\t\t<div class=\"elementor-element elementor-element-cebd8b6 e-con-full e-flex e-con e-child\" data-id=\"cebd8b6\" data-element_type=\"container\" data-e-type=\"container\">\n\t\t\t\t<div class=\"elementor-element elementor-element-e09b295 elementor-widget elementor-widget-heading\" data-id=\"e09b295\" data-element_type=\"widget\" data-e-type=\"widget\" data-widget_type=\"heading.default\">\n\t\t\t\t\t<h1 class=\"elementor-heading-title elementor-size-default\">Nuestro liderazgo\n<\/h1>\t\t\t\t<\/div>\n\t\t\t\t<div class=\"elementor-element elementor-element-189dfe6 elementor-widget elementor-widget-text-editor\" data-id=\"189dfe6\" data-element_type=\"widget\" data-e-type=\"widget\" data-widget_type=\"text-editor.default\">\n\t\t\t\t\t\t\t\t\t<p class=\"p1\">Hispanic Marketing Solutions est\u00e1 dirigida por Liliana Ospina Herbstreith, fundadora y propietaria, cuya experiencia en periodismo, comunicaciones y relaciones p\u00fablicas ha guiado la creaci\u00f3n, el crecimiento y la evoluci\u00f3n estrat\u00e9gica de la organizaci\u00f3n y sus iniciativas relacionadas.<\/p><p class=\"p1\">Su liderazgo ha desempe\u00f1ado un papel fundamental en el desarrollo de plataformas que respaldan los servicios profesionales, la participaci\u00f3n de la comunidad, la visibilidad en los medios de comunicaci\u00f3n y el reconocimiento cultural, al tiempo que garantiza que cada iniciativa se integre en la estructura m\u00e1s adecuada para su misi\u00f3n y su crecimiento a largo plazo.<\/p>\t\t\t\t\t\t\t\t<\/div>\n\t\t\t\t<\/div>\n\t\t<div class=\"elementor-element elementor-element-9d77c1f e-con-full e-flex e-con e-child\" data-id=\"9d77c1f\" data-element_type=\"container\" data-e-type=\"container\" data-settings=\"{&quot;background_background&quot;:&quot;classic&quot;}\">\n\t\t\t\t<div class=\"elementor-element elementor-element-a3c1dad elementor-widget elementor-widget-image\" data-id=\"a3c1dad\" data-element_type=\"widget\" data-e-type=\"widget\" data-widget_type=\"image.default\">\n\t\t\t\t\t\t\t\t\t\t\t\t\t\t\t<img decoding=\"async\" width=\"1218\" height=\"1492\" src=\"https:\/\/hispanicmarketingsolutionsllc.com\/wp-content\/uploads\/2026\/01\/Liliana-Ospina-H-2024-1.png\" class=\"attachment-full size-full wp-image-471\" alt=\"\" srcset=\"https:\/\/hispanicmarketingsolutionsllc.com\/wp-content\/uploads\/2026\/01\/Liliana-Ospina-H-2024-1.png 1218w, https:\/\/hispanicmarketingsolutionsllc.com\/wp-content\/uploads\/2026\/01\/Liliana-Ospina-H-2024-1-245x300.png 245w, https:\/\/hispanicmarketingsolutionsllc.com\/wp-content\/uploads\/2026\/01\/Liliana-Ospina-H-2024-1-836x1024.png 836w, https:\/\/hispanicmarketingsolutionsllc.com\/wp-content\/uploads\/2026\/01\/Liliana-Ospina-H-2024-1-768x941.png 768w\" sizes=\"(max-width: 1218px) 100vw, 1218px\" \/>\t\t\t\t\t\t\t\t\t\t\t\t\t\t\t<\/div>\n\t\t\t\t<\/div>\n\t\t\t\t<\/div>\n\t\t<div class=\"elementor-element elementor-element-1a217e6 e-con-full e-flex e-con e-child\" data-id=\"1a217e6\" data-element_type=\"container\" data-e-type=\"container\">\n\t\t<div class=\"elementor-element elementor-element-0c816d1 e-con-full e-flex e-con e-child\" data-id=\"0c816d1\" data-element_type=\"container\" data-e-type=\"container\" data-settings=\"{&quot;background_background&quot;:&quot;classic&quot;}\">\n\t\t\t\t<div class=\"elementor-element elementor-element-356991a elementor-widget elementor-widget-image\" data-id=\"356991a\" data-element_type=\"widget\" data-e-type=\"widget\" data-widget_type=\"image.default\">\n\t\t\t\t\t\t\t\t\t\t\t\t\t\t\t<img decoding=\"async\" src=\"https:\/\/hispanicmarketingsolutionsllc.com\/wp-content\/uploads\/elementor\/thumbs\/MEF-ri92dntenmkqydttr33khjyk9r1ifzug92f0fffcde.png\" title=\"MEF\" alt=\"MEF\" loading=\"lazy\" \/>\t\t\t\t\t\t\t\t\t\t\t\t\t\t\t<\/div>\n\t\t\t\t<\/div>\n\t\t<div class=\"elementor-element elementor-element-fa5157d e-con-full e-flex e-con e-child\" data-id=\"fa5157d\" data-element_type=\"container\" data-e-type=\"container\">\n\t\t\t\t<div class=\"elementor-element elementor-element-3032138 elementor-widget elementor-widget-heading\" data-id=\"3032138\" data-element_type=\"widget\" data-e-type=\"widget\" data-widget_type=\"heading.default\">\n\t\t\t\t\t<h3 class=\"elementor-heading-title elementor-size-default\">Organizaci\u00f3n asociada\n<\/h3>\t\t\t\t<\/div>\n\t\t\t\t<div class=\"elementor-element elementor-element-d1fa08e elementor-widget elementor-widget-text-editor\" data-id=\"d1fa08e\" data-element_type=\"widget\" data-e-type=\"widget\" data-widget_type=\"text-editor.default\">\n\t\t\t\t\t\t\t\t\t<p class=\"p1\"><b>Minority Education Freedom Foundation<\/b> es la organizaci\u00f3n sin \u00e1nimo de lucro asociada a Hispanic Marketing Solutions.<\/p><p class=\"p1\">La Fundaci\u00f3n lidera las iniciativas comunitarias, medi\u00e1ticas y educativas de la organizaci\u00f3n, entre las que se incluyen: <b>Latinos en MI USA<\/b> y el <b>Talentos Latinos Awards<\/b>, apoyando programas centrados en la educaci\u00f3n, la visibilidad cultural y el impacto en la comunidad.<\/p><p class=\"p1\"><a href=\"https:\/\/minorityeducationfreedom.org\/en\/\" target=\"_blank\" rel=\"noopener\"><span class=\"s1\">\ud83d\udc49<\/span> <b>Visit Minority Education Freedom Foundation<\/b><\/a><\/p>\t\t\t\t\t\t\t\t<\/div>\n\t\t\t\t<\/div>\n\t\t\t\t<\/div>\n\t\t\t\t<\/div>\n\t\t<div class=\"elementor-element elementor-element-8b69d42 e-con-full e-flex e-con e-parent\" data-id=\"8b69d42\" data-element_type=\"container\" data-e-type=\"container\" data-settings=\"{&quot;background_background&quot;:&quot;classic&quot;}\">\n\t\t<div class=\"elementor-element elementor-element-1dd5c213 e-flex e-con-boxed e-con e-child\" data-id=\"1dd5c213\" data-element_type=\"container\" data-e-type=\"container\">\n\t\t\t\t\t<div class=\"e-con-inner\">\n\t\t<div class=\"elementor-element elementor-element-2953a1e7 e-con-full e-flex e-con e-child\" data-id=\"2953a1e7\" data-element_type=\"container\" data-e-type=\"container\">\n\t\t\t\t<div class=\"elementor-element elementor-element-4d7e15a8 elementor-widget elementor-widget-image\" data-id=\"4d7e15a8\" data-element_type=\"widget\" data-e-type=\"widget\" data-widget_type=\"image.default\">\n\t\t\t\t\t\t\t\t\t\t\t\t\t\t\t<img decoding=\"async\" width=\"1136\" height=\"973\" src=\"https:\/\/hispanicmarketingsolutionsllc.com\/wp-content\/uploads\/2026\/01\/logo-HMS-completo.png\" class=\"attachment-full size-full wp-image-197\" alt=\"\" srcset=\"https:\/\/hispanicmarketingsolutionsllc.com\/wp-content\/uploads\/2026\/01\/logo-HMS-completo.png 1136w, https:\/\/hispanicmarketingsolutionsllc.com\/wp-content\/uploads\/2026\/01\/logo-HMS-completo-300x257.png 300w, https:\/\/hispanicmarketingsolutionsllc.com\/wp-content\/uploads\/2026\/01\/logo-HMS-completo-1024x877.png 1024w, https:\/\/hispanicmarketingsolutionsllc.com\/wp-content\/uploads\/2026\/01\/logo-HMS-completo-768x658.png 768w\" sizes=\"(max-width: 1136px) 100vw, 1136px\" \/>\t\t\t\t\t\t\t\t\t\t\t\t\t\t\t<\/div>\n\t\t\t\t<\/div>\n\t\t<div class=\"elementor-element elementor-element-4be852ea e-con-full e-flex e-con e-child\" data-id=\"4be852ea\" data-element_type=\"container\" data-e-type=\"container\">\n\t\t\t\t<\/div>\n\t\t<div class=\"elementor-element elementor-element-234a38b0 e-con-full e-flex e-con e-child\" data-id=\"234a38b0\" data-element_type=\"container\" data-e-type=\"container\">\n\t\t\t\t<div class=\"elementor-element elementor-element-90b323a elementor-widget elementor-widget-text-editor\" data-id=\"90b323a\" data-element_type=\"widget\" data-e-type=\"widget\" data-widget_type=\"text-editor.default\">\n\t\t\t\t\t\t\t\t\t<p style=\"text-align: left;\"><strong>Hispanic Marketing Solutions LLC<\/strong><\/p>\t\t\t\t\t\t\t\t<\/div>\n\t\t\t\t<div class=\"elementor-element elementor-element-6e8e063d elementor-icon-list--layout-traditional elementor-list-item-link-full_width elementor-widget elementor-widget-icon-list\" data-id=\"6e8e063d\" data-element_type=\"widget\" data-e-type=\"widget\" data-widget_type=\"icon-list.default\">\n\t\t\t\t\t\t\t<ul class=\"elementor-icon-list-items\">\n\t\t\t\t\t\t\t<li class=\"elementor-icon-list-item\">\n\t\t\t\t\t\t\t\t\t\t\t<span class=\"elementor-icon-list-icon\">\n\t\t\t\t\t\t\t<svg aria-hidden=\"true\" class=\"e-font-icon-svg e-fas-map-marker-alt\" viewbox=\"0 0 384 512\" xmlns=\"http:\/\/www.w3.org\/2000\/svg\"><path d=\"M172.268 501.67C26.97 291.031 0 269.413 0 192 0 85.961 85.961 0 192 0s192 85.961 192 192c0 77.413-26.97 99.031-172.268 309.67-9.535 13.774-29.93 13.773-39.464 0zM192 272c44.183 0 80-35.817 80-80s-35.817-80-80-80-80 35.817-80 80 35.817 80 80 80z\"><\/path><\/svg>\t\t\t\t\t\t<\/span>\n\t\t\t\t\t\t\t\t\t\t<span class=\"elementor-icon-list-text\">440 Burroughs St #642, Detroit, MI 48202<\/span>\n\t\t\t\t\t\t\t\t\t<\/li>\n\t\t\t\t\t\t\t\t<li class=\"elementor-icon-list-item\">\n\t\t\t\t\t\t\t\t\t\t\t<a href=\"mailto:info@hispanicmarketingsolutionsllc.com\">\n\n\t\t\t\t\t\t\t\t\t\t\t\t<span class=\"elementor-icon-list-icon\">\n\t\t\t\t\t\t\t<svg aria-hidden=\"true\" class=\"e-font-icon-svg e-fas-envelope\" viewbox=\"0 0 512 512\" xmlns=\"http:\/\/www.w3.org\/2000\/svg\"><path d=\"M502.3 190.8c3.9-3.1 9.7-.2 9.7 4.7V400c0 26.5-21.5 48-48 48H48c-26.5 0-48-21.5-48-48V195.6c0-5 5.7-7.8 9.7-4.7 22.4 17.4 52.1 39.5 154.1 113.6 21.1 15.4 56.7 47.8 92.2 47.6 35.7.3 72-32.8 92.3-47.6 102-74.1 131.6-96.3 154-113.7zM256 320c23.2.4 56.6-29.2 73.4-41.4 132.7-96.3 142.8-104.7 173.4-128.7 5.8-4.5 9.2-11.5 9.2-18.9v-19c0-26.5-21.5-48-48-48H48C21.5 64 0 85.5 0 112v19c0 7.4 3.4 14.3 9.2 18.9 30.6 23.9 40.7 32.4 173.4 128.7 16.8 12.2 50.2 41.8 73.4 41.4z\"><\/path><\/svg>\t\t\t\t\t\t<\/span>\n\t\t\t\t\t\t\t\t\t\t<span class=\"elementor-icon-list-text\">info@hispanicmarketingsolutionsllc.com<\/span>\n\t\t\t\t\t\t\t\t\t\t\t<\/a>\n\t\t\t\t\t\t\t\t\t<\/li>\n\t\t\t\t\t\t\t\t<li class=\"elementor-icon-list-item\">\n\t\t\t\t\t\t\t\t\t\t\t<span class=\"elementor-icon-list-icon\">\n\t\t\t\t\t\t\t<svg aria-hidden=\"true\" class=\"e-font-icon-svg e-fas-mobile\" viewbox=\"0 0 320 512\" xmlns=\"http:\/\/www.w3.org\/2000\/svg\"><path d=\"M272 0H48C21.5 0 0 21.5 0 48v416c0 26.5 21.5 48 48 48h224c26.5 0 48-21.5 48-48V48c0-26.5-21.5-48-48-48zM160 480c-17.7 0-32-14.3-32-32s14.3-32 32-32 32 14.3 32 32-14.3 32-32 32z\"><\/path><\/svg>\t\t\t\t\t\t<\/span>\n\t\t\t\t\t\t\t\t\t\t<span class=\"elementor-icon-list-text\"><a href=\"tel:3137571465\">Tel: 3137571465<\/a><\/span>\n\t\t\t\t\t\t\t\t\t<\/li>\n\t\t\t\t\t\t\t\t<li class=\"elementor-icon-list-item\">\n\t\t\t\t\t\t\t\t\t\t\t<span class=\"elementor-icon-list-icon\">\n\t\t\t\t\t\t\t<svg aria-hidden=\"true\" class=\"e-font-icon-svg e-fas-mobile\" viewbox=\"0 0 320 512\" xmlns=\"http:\/\/www.w3.org\/2000\/svg\"><path d=\"M272 0H48C21.5 0 0 21.5 0 48v416c0 26.5 21.5 48 48 48h224c26.5 0 48-21.5 48-48V48c0-26.5-21.5-48-48-48zM160 480c-17.7 0-32-14.3-32-32s14.3-32 32-32 32 14.3 32 32-14.3 32-32 32z\"><\/path><\/svg>\t\t\t\t\t\t<\/span>\n\t\t\t\t\t\t\t\t\t\t<span class=\"elementor-icon-list-text\"><a href=\"tel:2486409896\">Tel: 2486409896<\/a><\/span>\n\t\t\t\t\t\t\t\t\t<\/li>\n\t\t\t\t\t\t<\/ul>\n\t\t\t\t\t\t<\/div>\n\t\t\t\t<\/div>\n\t\t\t\t\t<\/div>\n\t\t\t\t<\/div>\n\t\t\t\t<\/div>\n\t\t\t\t<\/div>","protected":false},"excerpt":{"rendered":"<p>About Us About Hispanic Marketing Solutions Hispanic Marketing Solutions LLC is a professional services company providing event production, visual coverage, [&hellip;]<\/p>\n","protected":false},"author":1,"featured_media":0,"parent":0,"menu_order":0,"comment_status":"closed","ping_status":"closed","template":"","meta":{"site-sidebar-layout":"no-sidebar","site-content-layout":"","ast-site-content-layout":"full-width-container","site-content-style":"default","site-sidebar-style":"default","ast-global-header-display":"","ast-banner-title-visibility":"","ast-main-header-display":"","ast-hfb-above-header-display":"","ast-hfb-below-header-display":"","ast-hfb-mobile-header-display":"","site-post-title":"disabled","ast-breadcrumbs-content":"","ast-featured-img":"disabled","footer-sml-layout":"","ast-disable-related-posts":"","theme-transparent-header-meta":"default","adv-header-id-meta":"","stick-header-meta":"","header-above-stick-meta":"","header-main-stick-meta":"","header-below-stick-meta":"","astra-migrate-meta-layouts":"set","ast-page-background-enabled":"default","ast-page-background-meta":{"desktop":{"background-color":"var(--ast-global-color-5)","background-image":"","background-repeat":"repeat","background-position":"center center","background-size":"auto","background-attachment":"scroll","background-type":"","background-media":"","overlay-type":"","overlay-color":"","overlay-opacity":"","overlay-gradient":""},"tablet":{"background-color":"","background-image":"","background-repeat":"repeat","background-position":"center center","background-size":"auto","background-attachment":"scroll","background-type":"","background-media":"","overlay-type":"","overlay-color":"","overlay-opacity":"","overlay-gradient":""},"mobile":{"background-color":"","background-image":"","background-repeat":"repeat","background-position":"center center","background-size":"auto","background-attachment":"scroll","background-type":"","background-media":"","overlay-type":"","overlay-color":"","overlay-opacity":"","overlay-gradient":""}},"ast-content-background-meta":{"desktop":{"background-color":"var(--ast-global-color-4)","background-image":"","background-repeat":"repeat","background-position":"center center","background-size":"auto","background-attachment":"scroll","background-type":"","background-media":"","overlay-type":"","overlay-color":"","overlay-opacity":"","overlay-gradient":""},"tablet":{"background-color":"var(--ast-global-color-4)","background-image":"","background-repeat":"repeat","background-position":"center center","background-size":"auto","background-attachment":"scroll","background-type":"","background-media":"","overlay-type":"","overlay-color":"","overlay-opacity":"","overlay-gradient":""},"mobile":{"background-color":"var(--ast-global-color-4)","background-image":"","background-repeat":"repeat","background-position":"center center","background-size":"auto","background-attachment":"scroll","background-type":"","background-media":"","overlay-type":"","overlay-color":"","overlay-opacity":"","overlay-gradient":""}},"_joinchat":[],"footnotes":""},"class_list":["post-331","page","type-page","status-publish","hentry"],"_links":{"self":[{"href":"https:\/\/hispanicmarketingsolutionsllc.com\/es\/wp-json\/wp\/v2\/pages\/331","targetHints":{"allow":["GET"]}}],"collection":[{"href":"https:\/\/hispanicmarketingsolutionsllc.com\/es\/wp-json\/wp\/v2\/pages"}],"about":[{"href":"https:\/\/hispanicmarketingsolutionsllc.com\/es\/wp-json\/wp\/v2\/types\/page"}],"author":[{"embeddable":true,"href":"https:\/\/hispanicmarketingsolutionsllc.com\/es\/wp-json\/wp\/v2\/users\/1"}],"replies":[{"embeddable":true,"href":"https:\/\/hispanicmarketingsolutionsllc.com\/es\/wp-json\/wp\/v2\/comments?post=331"}],"version-history":[{"count":49,"href":"https:\/\/hispanicmarketingsolutionsllc.com\/es\/wp-json\/wp\/v2\/pages\/331\/revisions"}],"predecessor-version":[{"id":609,"href":"https:\/\/hispanicmarketingsolutionsllc.com\/es\/wp-json\/wp\/v2\/pages\/331\/revisions\/609"}],"wp:attachment":[{"href":"https:\/\/hispanicmarketingsolutionsllc.com\/es\/wp-json\/wp\/v2\/media?parent=331"}],"curies":[{"name":"wp","href":"https:\/\/api.w.org\/{rel}","templated":true}]}}